{"id":982,"date":"2024-03-08T10:51:31","date_gmt":"2024-03-08T09:51:31","guid":{"rendered":"https:\/\/colostrum-biotec.eu\/terms\/"},"modified":"2024-03-08T10:51:31","modified_gmt":"2024-03-08T09:51:31","slug":"terms","status":"publish","type":"page","link":"https:\/\/colostrum-biotec.eu\/en\/terms\/","title":{"rendered":"Terms"},"content":{"rendered":"<div class=\"wpb-content-wrapper\"><p>[vc_row][vc_column][vc_column_text]<\/p>\n<h2><strong>ALLGEMEINE GESCH\u00c4FTSBEDINGUNGEN<\/strong><\/h2>\n<h3><strong>I.\u00a0<\/strong><strong>Geltungsbereich<\/strong><\/h3>\n<ol>\n<li>Nachstehende Allgemeine Gesch\u00e4ftsbedingungen der Colostrum BioTec GmbH gelten gegen\u00fcber allen Kunden der Colostrum BioTec GmbH, auch wenn auf sie nicht ausdr\u00fccklich Bezug genommen wird. Die AGB in Ihrer jeweils g\u00fcltigen Fassung stehen auf der Internetseite www.colostrum-biotec.de zur Einsicht und zum Abruf zur Verf\u00fcgung.<\/li>\n<li>Kunde im Sinne dieser Allgemeinen Gesch\u00e4ftsbedingungen ist eine nat\u00fcrliche oder juristische Person oder eine rechtsf\u00e4hige Personengesellschaft, die bei Abschluss eines Rechtsgesch\u00e4fts in Aus\u00fcbung ihrer gewerblichen oder selbst\u00e4ndigen beruflichen T\u00e4tigkeit handelt. Eine rechtsf\u00e4hige Personengesellschaft ist eine Personengesellschaft, die mit der F\u00e4higkeit ausgestattet ist, Rechte zu erwerben und Verbindlichkeiten einzugehen.<\/li>\n<li>Diese Allgemeinen Gesch\u00e4ftsbedingungen sind Bestandteil aller Vertr\u00e4ge, die die Colostrum BioTec GmbH mit ihren Vertragspartnern (Bestellern) \u00fcber die von ihr angebotenen Lieferungen oder Leistungen schlie\u00dft. Sie gelten auch f\u00fcr alle zuk\u00fcnftigen Lieferungen, Leistungen oder Angebote an den Kunden. Im Falle von \u00c4nderungen der Allgemeinen Gesch\u00e4ftsbedingungen werden sie dem Kunden in ihrer neuen Fassung in geeigneter Weise mitgeteilt. Den nach der Mitteilung abgeschlossenen Vertr\u00e4gen liegen nur noch die ge\u00e4nderten Bedingungen zugrunde.<\/li>\n<li>Die Allgemeinen Gesch\u00e4ftsbedingungen der Colostrum BioTec GmbH gelten f\u00fcr alle Lieferungen, Leistungen und Angebote ausschlie\u00dflich. Entgegenstehende oder von diesen Vertragsbedingungen abweichende Allgemeine Gesch\u00e4ftsbedingungen des Kunden erkennt die Colostrum BioTec GmbH nicht an, es sei denn, sie stimmt ausdr\u00fccklich schriftlich ihrer Geltung zu. Die nachfolgenden Allgemeinen Gesch\u00e4ftsbedingungen gelten auch dann, wenn die Colostrum BioTec GmbH in Kenntnis entgegenstehender oder abweichender Bedingungen des Kunden die Leistung an diesen vorbehaltslos erbringt.<\/li>\n<\/ol>\n<p>&nbsp;<\/p>\n<h3><strong>II.\u00a0<\/strong><strong>Vertragsschluss<\/strong><\/h3>\n<ol>\n<li>Die Darstellung der Waren in den jeweils aktuellen Werbemitteln ist freibleibend und stellt kein bindendes Angebot der dar. Die Bestellung des Kunden stellt ein verbindliches Angebot dar. Die Colostrum BioTec GmbH ist in der Entscheidung \u00fcber die Annahme des Angebots frei.<\/li>\n<li>Der Kunde ist zwei Wochen an sein Angebot gebunden, soweit nichts anderes vereinbart ist. \u00c4nderungen und Erg\u00e4nzungen des Angebots und der Auftragsbest\u00e4tigung bed\u00fcrfen der Textform.<\/li>\n<li>Der Vertrag kommt durch Zusendung einer Auftragsbest\u00e4tigung oder durch Zusendung der Ware durch die Colostrum BioTec GmbH zustande.<\/li>\n<li>Nimmt die Colostrum BioTec GmbH ein Angebot des Kunden nicht an, teilt sie dies dem Kunden mit. Unterbreitet die Colostrum BioTec GmbH dem Kunden in dem Fall ein Gegenangebot, kann der Kunde \u00fcber die Annahme frei entscheiden.<\/li>\n<\/ol>\n<p><strong>\u00a0<\/strong><\/p>\n<h3><strong>III. Preise und Zahlungsbedingungen<\/strong><\/h3>\n<ol>\n<li>Sofern nichts anderes schriftlich vereinbart wird, gelten die Preise ab Werk zuz\u00fcglich der jeweils geltenden gesetzlichen Mehrwertsteuer und Kosten f\u00fcr Versand und Verpackung.<\/li>\n<li>Die in den jeweiligen Werbemitteln angegebenen Preise gelten zum Zeitpunkt der Herausgabe. Preis\u00e4nderungen ab diesem Zeitpunkt bleiben vorbehalten. Preis\u00e4nderungen bei bereits geschlossenen Vertr\u00e4gen sind ausgeschlossen. Die Colostrum BioTec GmbH ist bei Anschlussauftr\u00e4gen nicht an vorhergehende Preise gebunden.<\/li>\n<li>Die Lieferung erfolgt \u2013 vorbehaltlich der Regelung im nachfolgenden Satz \u2013 gegen Rechnung. Die Colostrum BioTec GmbH beh\u00e4lt sich vor, die Auftragsabwicklung nur gegen Teilvorauskasse oder Gesamtvorauskasse vorzunehmen. In diesem Fall erh\u00e4lt der Kunde nach Eingang der Bestellung eine entsprechende Mitteilung.<\/li>\n<li>Falls nicht anders vereinbart, ist der Kaufpreis f\u00fcr Lieferungen oder sonstige Leistungen ohne Abzug sofort nach Rechnungszugang f\u00e4llig. Der Kunde ger\u00e4t sp\u00e4testens 30 Tage nach Rechnungsstellung in Verzug. Bei \u00dcberschreitung des vereinbarten Zahlungstermins werden Zinsen in H\u00f6he von 8 %-Punkten \u00fcber dem jeweiligen Basiszinssatz der EZB berechnet, sofern die Colostrum BioTec GmbH nicht einen h\u00f6heren Schaden nachweist. Dem Kunden bleibt der Nachweis eines niedrigeren Schadens vorbehalten.<\/li>\n<li>Aufrechnungsrechte stehen dem Kunden nur zu, wenn seine Gegenanspr\u00fcche rechtskr\u00e4ftig festgestellt, unbestritten oder von der Colostrum BioTec GmbH anerkannt sind. Au\u00dferdem ist der Kunde zur Aus\u00fcbung eines Zur\u00fcckbehaltungsrechts nur insoweit befugt, als sein Gegenanspruch auf demselben Vertragsverh\u00e4ltnis beruht.<\/li>\n<\/ol>\n<p>&nbsp;<\/p>\n<h3><strong>IV. Gefahren\u00fcbergang<\/strong><\/h3>\n<p>Der Versand erfolgt auf Kosten und Gefahr des Kunden. Die Gefahr des zuf\u00e4lligen Untergangs, des Verlustes oder der zuf\u00e4lligen Verschlechterung geht auf den Kunden \u00fcber, sobald die Lieferung ordnungsgem\u00e4\u00df verpackt zum Transport \u00fcbergeben wurde.<\/p>\n<p>&nbsp;<\/p>\n<h3><strong>V. Lieferung, Versandkosten <\/strong><\/h3>\n<ol>\n<li>Zus\u00e4tzliche notwendige Aufwendungen f\u00fcr spezielle Verpackungen beim Transport durch die Bahn oder Speditionen werden gesondert nach Art und Umfang berechnet.<\/li>\n<li>Die Colostrum BioTec GmbH ist zur Einhaltung der Lieferfrist nur verpflichtet, wenn der Kunde seine Vertragspflichten rechtzeitig erf\u00fcllt hat.<\/li>\n<li>Die Colostrum BioTec GmbH ist zu Teillieferungen berechtigt, falls ein Teil der bestellten Waren vorr\u00fcbergehend nicht lieferbar ist. Dadurch entstehende zus\u00e4tzliche Versandkosten tr\u00e4gt die Colostrum BioTec GmbH.<\/li>\n<li>Ereignisse h\u00f6herer Gewalt berechtigen die Colostrum BioTec GmbH, die Lieferung um die Dauer der Behinderung und einer angemessenen Anlaufzeit hinauszuschieben oder wegen des noch nicht erf\u00fcllten Teils vom Vertrag ganz oder teilweise zur\u00fcckzutreten. Der h\u00f6heren Gewalt stehen Streik, Aussperrung oder unvorhersehbare, unvermeidbare Umst\u00e4nde, z. B. Betriebsst\u00f6rungen, gleich, wenn sie der Colostrum BioTec GmbH die rechtzeitige Lieferung trotz zumutbarer Anstrengung unm\u00f6glich machen. Den Nachweis \u00fcber das Vorliegen einer solchen St\u00f6rung hat die Colostrum BioTec GmbH zu f\u00fchren. Die Colostrum BioTec GmbH hat den Kunden unverz\u00fcglich zu benachrichtigen, wenn ein Fall h\u00f6herer Gewalt eintritt. Sie hat die Beeintr\u00e4chtigung des Kunden so gering wie m\u00f6glich zu halten. Der Kunde kann die Colostrum BioTec GmbH auffordern, innerhalb von zwei Wochen zu erkl\u00e4ren, ob sie zur\u00fccktreten will oder innerhalb einer angemessenen Frist nachliefert. Erkl\u00e4rt sich die Colostrum BioTec GmbH nicht innerhalb der Frist, kann der Kunde vom nicht erf\u00fcllten Teil des Vertrages zur\u00fccktreten.<\/li>\n<\/ol>\n<p>&nbsp;<\/p>\n<h3><strong>VI. Eigentumsvorbehalt<\/strong><\/h3>\n<ol>\n<li>Die Colostrum BioTec GmbH beh\u00e4lt sich das Eigentum am Liefergegenstand bis zum Eingang aller Zahlungen sowie Erf\u00fcllung s\u00e4mtlicher sonstiger aus dem Auftrag gegen den Kunden zustehender Anspr\u00fcche vor. Bei laufender Rechnung gilt das vorbehaltene Eigentum an den Lieferungen (Vorbehaltsware) als Sicherung f\u00fcr die Saldorechnung der Colostrum BioTec GmbH.<\/li>\n<li>Eine Be- oder Verarbeitung durch den Kunden erfolgt unter Ausschluss des Eigentumserwerbs nach \u00a7 950 BGB im Auftrag der Colostrum BioTec GmbH. Die Colostrum BioTec GmbH wird entsprechend dem Verh\u00e4ltnis des Nettofakturenwerts ihrer Ware zum Nettofakturenwert der zu be- oder verarbeitenden Ware Miteigent\u00fcmer der so entstandenen Vorbehaltsware. Der Miteigentumsanteil dient zur Sicherstellung der Anspr\u00fcche der Colostrum BioTec GmbH gem\u00e4\u00df Absatz 1.<\/li>\n<li>Bei Verarbeitung mit anderen, nicht der Colostrum BioTec GmbH geh\u00f6renden Waren durch den Kunden, gelten die Bestimmungen der \u00a7\u00a7 947, 948 BGB mit der Folge, dass der Miteigentumsanteil der Colostrum BioTec GmbH an der neuen Sache nunmehr als Vorbehaltsware im Sinne dieser Bedingungen gilt.<\/li>\n<li>Die Weiterver\u00e4u\u00dferung der Vorbehaltsware ist dem Kunden nur im gew\u00f6hnlichen Gesch\u00e4ftsverkehr und unter der Bedingung gestattet, dass er mit seinen Kunden ebenfalls einen Eigentumsvorbehalt gem\u00e4\u00df den Abs\u00e4tzen 1. \u2013 3. vereinbart. Zu anderen Verf\u00fcgungen \u00fcber die Vorbehaltsware, insbesondere Verpf\u00e4ndungen und Sicherheits\u00fcbereignung, ist der Kunde nicht berechtigt. Pf\u00e4ndungen, Beschlagnahmungen und sonstige Gef\u00e4hrdungen des Eigentums durch Dritte, hat der Kunde der Colostrum BioTec GmbH unter \u00dcbersendung von Abschriften der betreffenden Unterlagen umgehend anzuzeigen. Die Kosten einer Intervention der Colostrum BioTec GmbH tr\u00e4gt der Kunde, soweit der Dritte nicht in der Lage ist, diese zu erstatten.<\/li>\n<li>F\u00fcr den Fall der Weiterver\u00e4u\u00dferung tritt der Kunde hiermit bis zur Erf\u00fcllung s\u00e4mtlicher Anspr\u00fcche der Colostrum BioTec GmbH, die ihm aus der Weiterver\u00e4u\u00dferung entstehenden Forderungen und sonstigen berechtigten Anspr\u00fcchen gegen seine Kunden, an die Colostrum BioTec GmbH ab. Diese Abtretung gilt unabh\u00e4ngig davon, ob die Kaufsache ohne oder nach Verarbeitung weiterverkauft worden ist. Der Kunde bleibt zur Einziehung der Forderung auch nach der Abtretung erm\u00e4chtigt. Die Befugnis der Colostrum BioTec GmbH, die Forderung selbst einzuziehen, bleibt davon unber\u00fchrt. Sie wird jedoch die Forderung nicht einziehen, solange der Kunde seinen Zahlungsverpflichtungen aus den vereinnahmten Erl\u00f6sen nachkommt, nicht in Zahlungsverzug ist und insbesondere kein Antrag auf Er\u00f6ffnung eines Insolvenzverfahrens gestellt ist oder Zahlungseinstellung vorliegt.<\/li>\n<li>\u00dcbersteigt der Wert, der f\u00fcr die Colostrum BioTec GmbH bestehenden Sicherheiten deren Gesamtforderungen um mehr als 20 %, so ist die Colostrum BioTec GmbH auf Verlangen des Bestellers insoweit zur Freigabe von Sicherungen nach Wahl der Colostrum BioTec GmbH verpflichtet.<\/li>\n<\/ol>\n<p>&nbsp;<\/p>\n<h3><strong>VII. Gew\u00e4hrleistung<\/strong><\/h3>\n<ol>\n<li>Die Colostrum BioTec GmbH erbringt die zugesagte Leistung nach den einschl\u00e4gigen rechtlichen Bestimmungen und unter Beachtung der branchen\u00fcblichen Sorgfalt.<\/li>\n<li>Der Kunde hat die Ware bei Annahme unverz\u00fcglich auf ihre Mangelfreiheit und Vollst\u00e4ndigkeit zu \u00fcberpr\u00fcfen. M\u00e4ngelr\u00fcgen sind unverz\u00fcglich schriftlich geltend zu machen. Die Nichterf\u00fcllung der Untersuchungs- und \/ oder R\u00fcgeobliegenheit f\u00fchrt zum Ausschluss der Gew\u00e4hrleistung, es sei denn der Mangel war bei der Untersuchung nicht erkennbar. Bei versteckten M\u00e4ngeln ist die R\u00fcge unverz\u00fcglich nach Feststellung zu erheben.<\/li>\n<li>Die Gew\u00e4hrleistungsfrist betr\u00e4gt 12 Monate ab Gefahr\u00fcbergang der Sache.<\/li>\n<li>Die Kosten der M\u00e4ngelbeseitigung tr\u00e4gt die Colostrum BioTec GmbH. Befindet sich die Sache nicht am Ort des bestimmungsgem\u00e4\u00dfen Gebrauchs, so tr\u00e4gt der Kunde den Mehraufwand f\u00fcr die Nachbesserung. Dies sind insbesondere h\u00f6here Transportkosten. Weitere Anspr\u00fcche des Kunden gegen die Colostrum BioTec GmbH und deren Erf\u00fcllungsgehilfen sind ausgeschlossen, insbesondere ein Anspruch auf Ersatz von Sch\u00e4den, die nicht am Liefergegenstand selbst entstanden sind. Dies gilt nicht f\u00fcr die Haftung wegen Vorsatz oder grober Fahrl\u00e4ssigkeit.<\/li>\n<li>Die Colostrum BioTec GmbH schlie\u00dft die Gew\u00e4hrleistung f\u00fcr Sch\u00e4den aus, die in Folge unsachgem\u00e4\u00dfer Verwendung, \u00c4nderung oder Eingriffen an der Sache, durch den Kunden oder Dritte entstanden sind.<\/li>\n<li>R\u00fcckgriffsanspr\u00fcche gem. \u00a7\u00a7 478, 479 BGB bestehen nur, sofern die Inanspruchnahme durch den Verbraucher berechtigt war und nur im gesetzlichen Umfang. Keine R\u00fcckgriffsanspr\u00fcche bestehen f\u00fcr nicht mit der Colostrum BioTec GmbH abgestimmte Kulanzregelungen. S\u00e4mtliche R\u00fcckgriffsanspr\u00fcche setzen die Beachtung eigener Pflichten des R\u00fcckgriffsberechtigten, insbesondere die Beachtung der R\u00fcgeobliegenheiten voraus.<\/li>\n<\/ol>\n<p><strong>\u00a0<\/strong><\/p>\n<h3><strong>VIII. Allgemeine Haftungsbeschr\u00e4nkungen<\/strong><\/h3>\n<ol>\n<li>In allen F\u00e4llen, in denen die Colostrum BioTec GmbH abweichend von den vorstehenden Bedingungen aufgrund vertraglicher oder gesetzlicher Anspruchsgrundlagen zum Schadens- oder Aufwendungsersatz verpflichtet ist, haftet sie nur, soweit ihr, ihren leitenden Angestellten oder Erf\u00fcllungsgehilfen Vorsatz, grobe Fahrl\u00e4ssigkeit oder eine Verletzung von Leben, K\u00f6rper oder Gesundheit zur Last f\u00e4llt. Unber\u00fchrt bleiben die verschuldensunabh\u00e4ngige Haftung nach dem Produkthaftungsgesetz sowie die Haftung f\u00fcr die Erf\u00fcllung einer Beschaffenheitsgarantie. Unber\u00fchrt bleibt auch die Haftung f\u00fcr die schuldhafte Verletzung wesentlicher Vertragspflichten.<\/li>\n<li>Der Schadensersatz f\u00fcr die Verletzung einer wesentlichen Vertragspflicht ist auf den vorhersehbaren typischerweise eintretenden Schaden begrenzt, soweit nicht Vorsatz oder grobe Fahrl\u00e4ssigkeit vorliegt und soweit nicht f\u00fcr die Verletzung des Lebens, des K\u00f6rpers oder der Gesundheit oder aus \u00fcbernommenen Garantien gehaftet wird. Diese Schadensersatzanspr\u00fcche von Unternehmern verj\u00e4hren in 12 Monaten ab Entstehung.<\/li>\n<\/ol>\n<p>&nbsp;<\/p>\n<h3><strong>IX. R\u00fccktritt<\/strong><\/h3>\n<p>Die Colostrum BioTec GmbH ist berechtigt, vom Vertrag zur\u00fcckzutreten, wenn der Kunde \u00fcber sein Verm\u00f6gen einen Antrag auf Er\u00f6ffnung des Insolvenzverfahrens gestellt hat, eine eidesstattliche Versicherung nach \u00a7 807 ZPO abgegeben oder das Insolvenzverfahren \u00fcber sein Verm\u00f6gen er\u00f6ffnet oder die Er\u00f6ffnung mangels Masse abgelehnt wurde. Die gesetzlichen R\u00fccktrittsrechte bleiben davon unber\u00fchrt.<\/p>\n<p><strong>\u00a0<\/strong><\/p>\n<h3><strong>X. Datenschutz<\/strong><\/h3>\n<ol>\n<li>Die Colostrum BioTec GmbH weist darauf hin, dass die im Rahmen der Bestellung erhobenen Daten unter Beachtung der gesetzlichen Bestimmungen, wie etwa des Bundesdatenschutzgesetzes oder des Informations- und Kommunikationsdienstgesetzes gespeichert werden. Eine Weitergabe dieser Daten an Dritte, die nicht im Zusammenhang mit der Vertragsabwicklung stehen, erfolgt nicht.<\/li>\n<li>Der Kunde hat die M\u00f6glichkeit, telefonisch, schriftlich, per Fax oder E-Mail Werbezusendungen der Colostrum BioTec GmbH zu widersprechen. Im Falle des Widerspruchs werden die Kundendaten f\u00fcr die Zusendung von Werbemitteln gesperrt.<\/li>\n<\/ol>\n<p>&nbsp;<\/p>\n<h3><strong>XI. Erf\u00fcllungsort, Gerichtsstand<\/strong><\/h3>\n<ol>\n<li>Soweit sich in dem Vertrag nicht ausdr\u00fccklich etwas anderes vereinbart ist, ist Erf\u00fcllungs- und Zahlungsort der Sitz der Colostrum BioTec GmbH.<\/li>\n<li>Ausschlie\u00dflicher Gerichtsstand f\u00fcr alle Streitigkeiten die sich unmittelbar oder mittelbar aus diesem Vertragsverh\u00e4ltnis ergeben, ist der Sitz der Colostrum BioTec GmbH, sofern es sich bei dem Kunden um einen Vollkaufmann, eine juristische Person des \u00f6ffentlichen Rechts oder \u00f6ffentlich-rechtliches Sonderverm\u00f6gen handelt. Die Colostrum BioTec GmbH kann den Kunden auch an dessen Sitz verklagen.<\/li>\n<\/ol>\n<p>&nbsp;<\/p>\n<h3><strong>XII. Anwendbares Recht<\/strong><\/h3>\n<p>F\u00fcr s\u00e4mtliche vertragliche Beziehungen der Colostrum BioTec GmbH gilt ausschlie\u00dflich deutsches Recht. Die Anwendung des \u00dcbereinkommens der Vereinten Nationen \u00fcber Vertr\u00e4ge \u00fcber den internationalen Warenkauf ist ausgeschlossen.<\/p>\n<p>&nbsp;<\/p>\n<h3><strong>XIII. Salvatorische Klausel<\/strong><\/h3>\n<p>Wenn eine der Bestimmungen dieser Allgemeinen Gesch\u00e4ftsbedingungen unwirksam ist oder wird, ber\u00fchrt das nicht die Wirksamkeit der \u00fcbrigen Bestimmungen. Unwirksame Bestimmungen werden durch solche wirksamen Regelungen ersetzt, die dem wirtschaftlichen Zweck der urspr\u00fcnglichen Bedingung m\u00f6glichst nahe kommen.[\/vc_column_text][\/vc_column][\/vc_row]<\/p>\n<\/div>","protected":false},"excerpt":{"rendered":"<p>[vc_row][vc_column][vc_column_text] ALLGEMEINE GESCH\u00c4FTSBEDINGUNGEN I.\u00a0Geltungsbereich Nachstehende Allgemeine Gesch\u00e4ftsbedingungen der Colostrum BioTec GmbH gelten gegen\u00fcber allen Kunden der Colostrum BioTec GmbH, auch wenn auf sie nicht ausdr\u00fccklich Bezug genommen wird. Die AGB in Ihrer jeweils g\u00fcltigen Fassung stehen auf der Internetseite www.colostrum-biotec.de zur Einsicht und zum Abruf zur Verf\u00fcgung. Kunde im Sinne dieser Allgemeinen Gesch\u00e4ftsbedingungen ist eine [&hellip;]<\/p>\n","protected":false},"author":2,"featured_media":0,"parent":0,"menu_order":0,"comment_status":"closed","ping_status":"closed","template":"","meta":{"footnotes":""},"class_list":["post-982","page","type-page","status-publish","hentry"],"_links":{"self":[{"href":"https:\/\/colostrum-biotec.eu\/en\/wp-json\/wp\/v2\/pages\/982","targetHints":{"allow":["GET"]}}],"collection":[{"href":"https:\/\/colostrum-biotec.eu\/en\/wp-json\/wp\/v2\/pages"}],"about":[{"href":"https:\/\/colostrum-biotec.eu\/en\/wp-json\/wp\/v2\/types\/page"}],"author":[{"embeddable":true,"href":"https:\/\/colostrum-biotec.eu\/en\/wp-json\/wp\/v2\/users\/2"}],"replies":[{"embeddable":true,"href":"https:\/\/colostrum-biotec.eu\/en\/wp-json\/wp\/v2\/comments?post=982"}],"version-history":[{"count":2,"href":"https:\/\/colostrum-biotec.eu\/en\/wp-json\/wp\/v2\/pages\/982\/revisions"}],"predecessor-version":[{"id":984,"href":"https:\/\/colostrum-biotec.eu\/en\/wp-json\/wp\/v2\/pages\/982\/revisions\/984"}],"wp:attachment":[{"href":"https:\/\/colostrum-biotec.eu\/en\/wp-json\/wp\/v2\/media?parent=982"}],"curies":[{"name":"wp","href":"https:\/\/api.w.org\/{rel}","templated":true}]}}